{"id":46990,"date":"2024-01-12T01:21:50","date_gmt":"2024-01-12T01:21:50","guid":{"rendered":"https:\/\/oksenlaw.com\/mapa-del-sitio\/"},"modified":"2026-02-12T17:24:40","modified_gmt":"2026-02-12T17:24:40","slug":"mapa-del-sitio","status":"publish","type":"page","link":"https:\/\/oksenlaw.com\/es\/mapa-del-sitio\/","title":{"rendered":"Mapa del sitio"},"content":{"rendered":"\t\t<div data-elementor-type=\"wp-page\" data-elementor-id=\"46990\" class=\"elementor elementor-46990 elementor-15\" data-elementor-post-type=\"page\">\n\t\t\t\t<div class=\"elementor-element elementor-element-8dfa3b4 e-flex e-con-boxed e-con e-parent\" data-id=\"8dfa3b4\" data-element_type=\"container\" data-e-type=\"container\">\n\t\t\t\t\t<div class=\"e-con-inner\">\n\t\t\t\t<div class=\"elementor-element elementor-element-c155c50 exad-sticky-section-no exad-glass-effect-no elementor-widget elementor-widget-heading\" data-id=\"c155c50\" data-element_type=\"widget\" data-e-type=\"widget\" data-widget_type=\"heading.default\">\n\t\t\t\t<div class=\"elementor-widget-container\">\n\t\t\t\t\t<h1 class=\"elementor-heading-title elementor-size-default\">Mapa del sitio<\/h1>\t\t\t\t<\/div>\n\t\t\t\t<\/div>\n\t\t\t\t<div class=\"elementor-element elementor-element-d4f56fa exad-sticky-section-no exad-glass-effect-no elementor-widget elementor-widget-sitemap\" data-id=\"d4f56fa\" data-element_type=\"widget\" data-e-type=\"widget\" data-widget_type=\"sitemap.default\">\n\t\t\t\t<div class=\"elementor-widget-container\">\n\t\t\t\t\t<div class=\"elementor-sitemap-wrap\"><div class=\"elementor-sitemap-section\"><h2 class=\"elementor-sitemap-title elementor-sitemap-page-title\">P\u00e1ginas<\/h2><ul class=\"elementor-sitemap-list elementor-sitemap-page-list\"><li class=\"elementor-sitemap-item elementor-sitemap-item-page page_item page-item-47017\"><a href=\"https:\/\/oksenlaw.com\/es\/abogados\/\">Abogados<\/a><\/li><li class=\"elementor-sitemap-item elementor-sitemap-item-page page_item page-item-47018\"><a href=\"https:\/\/oksenlaw.com\/es\/abogados-de-seguros-de-san-francisco-oksenendler-law-p-c\/\">Abogados de seguros de San Francisco | Oksenendler Law, P.C.<\/a><\/li><li class=\"elementor-sitemap-item elementor-sitemap-item-page page_item page-item-47021\"><a href=\"https:\/\/oksenlaw.com\/es\/articulos\/\">Art\u00edculos<\/a><ul class='children'><li class=\"elementor-sitemap-item elementor-sitemap-item-page page_item page-item-47016\"><a href=\"https:\/\/oksenlaw.com\/es\/articulos\/como-funciona-el-seguro-para-empresas-de-viajes-compartidos-como-uber-en-california\/\">\u00bfC\u00f3mo funciona el seguro para empresas de viajes compartidos como Uber en California?<\/a><\/li><li class=\"elementor-sitemap-item elementor-sitemap-item-page page_item page-item-47014\"><a href=\"https:\/\/oksenlaw.com\/es\/articulos\/cuanto-quieres-que-pague-la-compania-de-seguros\/\">\u00bfCu\u00e1nto quieres que pague la compa\u00f1\u00eda de seguros???<\/a><\/li><li class=\"elementor-sitemap-item elementor-sitemap-item-page page_item page-item-47015\"><a href=\"https:\/\/oksenlaw.com\/es\/articulos\/california-advierte-a-las-aseguradoras-de-salud-del-estado-sobre-la-denegacion-de-reclamaciones-legitimas\/\">California advierte a las aseguradoras de salud del estado sobre la denegaci\u00f3n de reclamaciones leg\u00edtimas<\/a><\/li><li class=\"elementor-sitemap-item elementor-sitemap-item-page page_item page-item-47051\"><a href=\"https:\/\/oksenlaw.com\/es\/articulos\/como-derrotar-tacticas-defensivas-taimadas\/\">C\u00f3mo derrotar t\u00e1cticas defensivas taimadas<\/a><\/li><li class=\"elementor-sitemap-item elementor-sitemap-item-page page_item page-item-47054\"><a href=\"https:\/\/oksenlaw.com\/es\/articulos\/conceptos-basicos-de-la-ley-de-mala-fe-en-seguros-de-california\/\">Conceptos b\u00e1sicos de la ley de mala fe en seguros de California<\/a><\/li><li class=\"elementor-sitemap-item elementor-sitemap-item-page page_item page-item-47053\"><a href=\"https:\/\/oksenlaw.com\/es\/articulos\/las-aseguradoras-de-responsabilidad-civil-de-automoviles-pueden-intentar-minimizar-tu-indemnizacion-de-mala-fe\/\">Las aseguradoras de responsabilidad civil de autom\u00f3viles pueden intentar minimizar tu indemnizaci\u00f3n de mala fe<\/a><\/li><li class=\"elementor-sitemap-item elementor-sitemap-item-page page_item page-item-46996\"><a href=\"https:\/\/oksenlaw.com\/es\/articulos\/todo-inquilino-deberia-considerar-adquirir-un-seguro-de-inquilino\/\">Todo inquilino deber\u00eda considerar adquirir un seguro de inquilino<\/a><\/li><li class=\"elementor-sitemap-item elementor-sitemap-item-page page_item page-item-46998\"><a href=\"https:\/\/oksenlaw.com\/es\/articulos\/un-estudio-del-departamento-de-seguros-destaca-las-deficiencias-de-las-companias-de-seguros\/\">Un estudio del Departamento de Seguros destaca las deficiencias de las compa\u00f1\u00edas de seguros<\/a><\/li><\/ul><\/li><li class=\"elementor-sitemap-item elementor-sitemap-item-page page_item page-item-47049\"><a href=\"https:\/\/oksenlaw.com\/es\/aviso-legal\/\">Aviso legal<\/a><\/li><li class=\"elementor-sitemap-item elementor-sitemap-item-page page_item page-item-47010\"><a href=\"https:\/\/oksenlaw.com\/es\/blog\/\">Blog<\/a><\/li><li class=\"elementor-sitemap-item elementor-sitemap-item-page page_item page-item-47004\"><a href=\"https:\/\/oksenlaw.com\/es\/casos-contra-grandes-companias-de-seguros\/\">Casos contra grandes compa\u00f1\u00edas de seguros<\/a><ul class='children'><li class=\"elementor-sitemap-item elementor-sitemap-item-page page_item page-item-47033\"><a href=\"https:\/\/oksenlaw.com\/es\/casos-contra-grandes-companias-de-seguros\/aig\/\">AIG<\/a><\/li><li class=\"elementor-sitemap-item elementor-sitemap-item-page page_item page-item-47013\"><a href=\"https:\/\/oksenlaw.com\/es\/casos-contra-grandes-companias-de-seguros\/allstate-insurance\/\">Allstate Insurance<\/a><\/li><li class=\"elementor-sitemap-item elementor-sitemap-item-page page_item page-item-47008\"><a href=\"https:\/\/oksenlaw.com\/es\/casos-contra-grandes-companias-de-seguros\/csaa\/\">CSAA<\/a><\/li><li class=\"elementor-sitemap-item elementor-sitemap-item-page page_item page-item-47009\"><a href=\"https:\/\/oksenlaw.com\/es\/casos-contra-grandes-companias-de-seguros\/farmers\/\">Farmers<\/a><\/li><li class=\"elementor-sitemap-item elementor-sitemap-item-page page_item page-item-46999\"><a href=\"https:\/\/oksenlaw.com\/es\/casos-contra-grandes-companias-de-seguros\/firemans-fund-insurance\/\">Fireman&#8217;s Fund Insurance<\/a><\/li><li class=\"elementor-sitemap-item elementor-sitemap-item-page page_item page-item-46997\"><a href=\"https:\/\/oksenlaw.com\/es\/casos-contra-grandes-companias-de-seguros\/liberty-mutual\/\">Liberty Mutual<\/a><\/li><li class=\"elementor-sitemap-item elementor-sitemap-item-page page_item page-item-47034\"><a href=\"https:\/\/oksenlaw.com\/es\/casos-contra-grandes-companias-de-seguros\/lig\/\">LIG<\/a><\/li><li class=\"elementor-sitemap-item elementor-sitemap-item-page page_item page-item-47048\"><a href=\"https:\/\/oksenlaw.com\/es\/casos-contra-grandes-companias-de-seguros\/seguros-travelers\/\">Seguros Travelers<\/a><\/li><li class=\"elementor-sitemap-item elementor-sitemap-item-page page_item page-item-47045\"><a href=\"https:\/\/oksenlaw.com\/es\/casos-contra-grandes-companias-de-seguros\/state-farm\/\">State Farm<\/a><\/li><li class=\"elementor-sitemap-item elementor-sitemap-item-page page_item page-item-47032\"><a href=\"https:\/\/oksenlaw.com\/es\/casos-contra-grandes-companias-de-seguros\/unum\/\">Unum<\/a><\/li><\/ul><\/li><li class=\"elementor-sitemap-item elementor-sitemap-item-page page_item page-item-47046\"><a href=\"https:\/\/oksenlaw.com\/es\/contacto\/\">Contacto<\/a><\/li><li class=\"elementor-sitemap-item elementor-sitemap-item-page page_item page-item-46994\"><a href=\"https:\/\/oksenlaw.com\/es\/declaracion-de-accesibilidad\/\">Declaraci\u00f3n de accesibilidad<\/a><\/li><li class=\"elementor-sitemap-item elementor-sitemap-item-page page_item page-item-46992\"><a href=\"https:\/\/oksenlaw.com\/es\/gracias\/\">Gracias<\/a><\/li><li class=\"elementor-sitemap-item elementor-sitemap-item-page page_item page-item-46959\"><a href=\"https:\/\/oksenlaw.com\/es\/\">Inicio<\/a><\/li><li class=\"elementor-sitemap-item elementor-sitemap-item-page page_item page-item-46990\"><a href=\"https:\/\/oksenlaw.com\/es\/mapa-del-sitio\/\">Mapa del sitio<\/a><\/li><li class=\"elementor-sitemap-item elementor-sitemap-item-page page_item page-item-47050\"><a href=\"https:\/\/oksenlaw.com\/es\/oficina-de-derecho-de-seguros-en-san-francisco\/\">Oficina de derecho de seguros en San Francisco<\/a><\/li><li class=\"elementor-sitemap-item elementor-sitemap-item-page page_item page-item-47000\"><a href=\"https:\/\/oksenlaw.com\/es\/politica-de-privacidad\/\">Pol\u00edtica de privacidad<\/a><\/li><li class=\"elementor-sitemap-item elementor-sitemap-item-page page_item page-item-47020\"><a href=\"https:\/\/oksenlaw.com\/es\/preguntas-frecuentes\/\">Preguntas frecuentes<\/a><\/li><li class=\"elementor-sitemap-item elementor-sitemap-item-page page_item page-item-47002\"><a href=\"https:\/\/oksenlaw.com\/es\/resultados\/\">Resultados<\/a><\/li><li class=\"elementor-sitemap-item elementor-sitemap-item-page page_item page-item-47035\"><a href=\"https:\/\/oksenlaw.com\/es\/vision-general-del-bufete\/\">Visi\u00f3n general del bufete<\/a><\/li><\/ul><\/div><div class=\"elementor-sitemap-section\"><h2 class=\"elementor-sitemap-title elementor-sitemap-practice-areas-title\">\u00c1reas de pr\u00e1ctica<\/h2><ul class=\"elementor-sitemap-list elementor-sitemap-practice-areas-list\"><li class=\"elementor-sitemap-item elementor-sitemap-item-practice-areas page_item page-item-47160\"><a href=\"https:\/\/oksenlaw.com\/es\/practice-areas\/consultoria\/\">Consultor\u00eda<\/a><\/li><li class=\"elementor-sitemap-item elementor-sitemap-item-practice-areas page_item page-item-47169\"><a href=\"https:\/\/oksenlaw.com\/es\/practice-areas\/lesiones-personales\/\">Lesiones personales<\/a><\/li><li class=\"elementor-sitemap-item elementor-sitemap-item-practice-areas page_item page-item-47152\"><a href=\"https:\/\/oksenlaw.com\/es\/practice-areas\/negligencia-profesional-de-agentes-y-corredores\/\">Negligencia profesional de agentes y corredores<\/a><\/li><li class=\"elementor-sitemap-item elementor-sitemap-item-practice-areas page_item page-item-47132\"><a href=\"https:\/\/oksenlaw.com\/es\/practice-areas\/reclamaciones-de-cobertura-de-seguros\/\">Reclamaciones de cobertura de seguros<\/a><ul class='children'><li class=\"elementor-sitemap-item elementor-sitemap-item-practice-areas page_item page-item-47148\"><a href=\"https:\/\/oksenlaw.com\/es\/practice-areas\/reclamaciones-de-cobertura-de-seguros\/desastres-naturales\/\">Desastres naturales<\/a><\/li><li class=\"elementor-sitemap-item elementor-sitemap-item-practice-areas page_item page-item-47162\"><a href=\"https:\/\/oksenlaw.com\/es\/practice-areas\/reclamaciones-de-cobertura-de-seguros\/mala-fe-en-seguros\/\">Mala fe en seguros<\/a><\/li><li class=\"elementor-sitemap-item elementor-sitemap-item-practice-areas page_item page-item-47144\"><a href=\"https:\/\/oksenlaw.com\/es\/practice-areas\/reclamaciones-de-cobertura-de-seguros\/negligencia-profesional\/\">Negligencia profesional<\/a><\/li><li class=\"elementor-sitemap-item elementor-sitemap-item-practice-areas page_item page-item-47138\"><a href=\"https:\/\/oksenlaw.com\/es\/practice-areas\/reclamaciones-de-cobertura-de-seguros\/seguro-comercial\/\">Seguro comercial<\/a><\/li><li class=\"elementor-sitemap-item elementor-sitemap-item-practice-areas page_item page-item-47061\"><a href=\"https:\/\/oksenlaw.com\/es\/practice-areas\/reclamaciones-de-cobertura-de-seguros\/seguro-de-automovil\/\">Seguro de autom\u00f3vil<\/a><\/li><li class=\"elementor-sitemap-item elementor-sitemap-item-practice-areas page_item page-item-47136\"><a href=\"https:\/\/oksenlaw.com\/es\/practice-areas\/reclamaciones-de-cobertura-de-seguros\/seguro-de-condominio-y-de-inquilinos\/\">Seguro de Condominio y de Inquilinos<\/a><\/li><li class=\"elementor-sitemap-item elementor-sitemap-item-practice-areas page_item page-item-47164\"><a href=\"https:\/\/oksenlaw.com\/es\/practice-areas\/reclamaciones-de-cobertura-de-seguros\/seguro-de-hogar\/\">Seguro de hogar<\/a><\/li><li class=\"elementor-sitemap-item elementor-sitemap-item-practice-areas page_item page-item-47140\"><a href=\"https:\/\/oksenlaw.com\/es\/practice-areas\/reclamaciones-de-cobertura-de-seguros\/seguro-de-incapacidad\/\">Seguro de incapacidad<\/a><\/li><li class=\"elementor-sitemap-item elementor-sitemap-item-practice-areas page_item page-item-47146\"><a href=\"https:\/\/oksenlaw.com\/es\/practice-areas\/reclamaciones-de-cobertura-de-seguros\/seguro-de-salud\/\">Seguro de salud<\/a><\/li><li class=\"elementor-sitemap-item elementor-sitemap-item-practice-areas page_item page-item-47142\"><a href=\"https:\/\/oksenlaw.com\/es\/practice-areas\/reclamaciones-de-cobertura-de-seguros\/seguro-de-vida\/\">Seguro de vida<\/a><\/li><\/ul><\/li><li class=\"elementor-sitemap-item elementor-sitemap-item-practice-areas page_item page-item-47150\"><a href=\"https:\/\/oksenlaw.com\/es\/practice-areas\/seguro-de-responsabilidad-civil\/\">Seguro de Responsabilidad Civil<\/a><ul class='children'><li class=\"elementor-sitemap-item elementor-sitemap-item-practice-areas page_item page-item-47156\"><a href=\"https:\/\/oksenlaw.com\/es\/practice-areas\/seguro-de-responsabilidad-civil\/falta-de-defensa\/\">Falta de defensa<\/a><\/li><li class=\"elementor-sitemap-item elementor-sitemap-item-practice-areas page_item page-item-47154\"><a href=\"https:\/\/oksenlaw.com\/es\/practice-areas\/seguro-de-responsabilidad-civil\/sentencias-por-exceso-y-acciones-directas\/\">Sentencias por exceso y acciones directas<\/a><\/li><\/ul><\/li><\/ul><\/div><div class=\"elementor-sitemap-section\"><h2 class=\"elementor-sitemap-title elementor-sitemap-attorney-title\">Abogados<\/h2><ul class=\"elementor-sitemap-list elementor-sitemap-attorney-list\"><li class=\"elementor-sitemap-item elementor-sitemap-item-attorney page_item page-item-47158\"><a href=\"https:\/\/oksenlaw.com\/es\/attorney\/oksenendler-demian-i\/\">Oksenendler, Demi\u00e1n I.<\/a><\/li><li class=\"elementor-sitemap-item elementor-sitemap-item-attorney page_item page-item-47063\"><a href=\"https:\/\/oksenlaw.com\/es\/attorney\/mannion-e-gerard\/\">Mannion, E. Gerard<\/a><\/li><li class=\"elementor-sitemap-item elementor-sitemap-item-attorney page_item page-item-47166\"><a href=\"https:\/\/oksenlaw.com\/es\/attorney\/lowe-wesley-m\/\">Lowe, Wesley M.<\/a><\/li><\/ul><\/div><div class=\"elementor-sitemap-section\"><h2 class=\"elementor-sitemap-title elementor-sitemap-category-title\">Categor\u00edas<\/h2><ul class=\"elementor-sitemap-list elementor-sitemap-category-list\">\t<li class=\"elementor-sitemap-item elementor-sitemap-item-category cat-item cat-item-39\"><a href=\"https:\/\/oksenlaw.com\/es\/category\/sin-categoria\/\">Sin categor\u00eda<\/a>\n<\/li>\n\t<li class=\"elementor-sitemap-item elementor-sitemap-item-category cat-item cat-item-50\"><a href=\"https:\/\/oksenlaw.com\/es\/category\/seguros\/\">Seguros<\/a>\n<\/li>\n\t<li class=\"elementor-sitemap-item elementor-sitemap-item-category cat-item cat-item-57\"><a href=\"https:\/\/oksenlaw.com\/es\/category\/seguro-del-hogar\/\">Seguro del hogar<\/a>\n<\/li>\n\t<li class=\"elementor-sitemap-item elementor-sitemap-item-category cat-item cat-item-49\"><a href=\"https:\/\/oksenlaw.com\/es\/category\/seguro-de-responsabilidad-civil\/\">Seguro de responsabilidad civil<\/a>\n<\/li>\n\t<li class=\"elementor-sitemap-item elementor-sitemap-item-category cat-item cat-item-56\"><a href=\"https:\/\/oksenlaw.com\/es\/category\/retrasos-en-los-seguros\/\">Retrasos en los seguros<\/a>\n<\/li>\n\t<li class=\"elementor-sitemap-item elementor-sitemap-item-category cat-item cat-item-51\"><a href=\"https:\/\/oksenlaw.com\/es\/category\/reclamaciones-de-seguros\/\">Reclamaciones de seguros<\/a>\n<\/li>\n\t<li class=\"elementor-sitemap-item elementor-sitemap-item-category cat-item cat-item-46\"><a href=\"https:\/\/oksenlaw.com\/es\/category\/negativa-a-defender\/\">Negativa a defender<\/a>\n<\/li>\n\t<li class=\"elementor-sitemap-item elementor-sitemap-item-category cat-item cat-item-48\"><a href=\"https:\/\/oksenlaw.com\/es\/category\/mala-fe-en-seguros\/\">Mala fe en seguros<\/a>\n<\/li>\n\t<li class=\"elementor-sitemap-item elementor-sitemap-item-category cat-item cat-item-47\"><a href=\"https:\/\/oksenlaw.com\/es\/category\/mala-fe\/\">Mala fe<\/a>\n<\/li>\n\t<li class=\"elementor-sitemap-item elementor-sitemap-item-category cat-item cat-item-53\"><a href=\"https:\/\/oksenlaw.com\/es\/category\/litigios-de-seguros\/\">Litigios de seguros<\/a>\n<\/li>\n\t<li class=\"elementor-sitemap-item elementor-sitemap-item-category cat-item cat-item-54\"><a href=\"https:\/\/oksenlaw.com\/es\/category\/informacion-sobre-seguros\/\">Informaci\u00f3n sobre seguros<\/a>\n<\/li>\n\t<li class=\"elementor-sitemap-item elementor-sitemap-item-category cat-item cat-item-55\"><a href=\"https:\/\/oksenlaw.com\/es\/category\/derecho-de-seguros\/\">Derecho de seguros<\/a>\n<\/li>\n\t<li class=\"elementor-sitemap-item elementor-sitemap-item-category cat-item cat-item-52\"><a href=\"https:\/\/oksenlaw.com\/es\/category\/danos-por-desastres-naturales\/\">Da\u00f1os por desastres naturales<\/a>\n<\/li>\n<\/ul><\/div><\/div>\t\t\t\t<\/div>\n\t\t\t\t<\/div>\n\t\t\t\t\t<\/div>\n\t\t\t\t<\/div>\n\t\t\t\t<\/div>\n\t\t","protected":false},"excerpt":{"rendered":"<p>Mapa del sitio<\/p>\n","protected":false},"author":5,"featured_media":0,"parent":0,"menu_order":0,"comment_status":"closed","ping_status":"closed","template":"","meta":{"_acf_changed":false,"inline_featured_image":false,"footnotes":""},"class_list":["post-46990","page","type-page","status-publish","hentry"],"acf":[],"jetpack_sharing_enabled":true,"_links":{"self":[{"href":"https:\/\/oksenlaw.com\/es\/wp-json\/wp\/v2\/pages\/46990","targetHints":{"allow":["GET"]}}],"collection":[{"href":"https:\/\/oksenlaw.com\/es\/wp-json\/wp\/v2\/pages"}],"about":[{"href":"https:\/\/oksenlaw.com\/es\/wp-json\/wp\/v2\/types\/page"}],"author":[{"embeddable":true,"href":"https:\/\/oksenlaw.com\/es\/wp-json\/wp\/v2\/users\/5"}],"replies":[{"embeddable":true,"href":"https:\/\/oksenlaw.com\/es\/wp-json\/wp\/v2\/comments?post=46990"}],"version-history":[{"count":1,"href":"https:\/\/oksenlaw.com\/es\/wp-json\/wp\/v2\/pages\/46990\/revisions"}],"predecessor-version":[{"id":46991,"href":"https:\/\/oksenlaw.com\/es\/wp-json\/wp\/v2\/pages\/46990\/revisions\/46991"}],"wp:attachment":[{"href":"https:\/\/oksenlaw.com\/es\/wp-json\/wp\/v2\/media?parent=46990"}],"curies":[{"name":"wp","href":"https:\/\/api.w.org\/{rel}","templated":true}]}}