{"id":47004,"date":"2020-05-19T02:13:11","date_gmt":"2020-05-19T02:13:11","guid":{"rendered":"https:\/\/oksenlaw.com\/casos-contra-grandes-companias-de-seguros\/"},"modified":"2026-02-12T17:25:52","modified_gmt":"2026-02-12T17:25:52","slug":"casos-contra-grandes-companias-de-seguros","status":"publish","type":"page","link":"https:\/\/oksenlaw.com\/es\/casos-contra-grandes-companias-de-seguros\/","title":{"rendered":"Casos contra grandes compa\u00f1\u00edas de seguros"},"content":{"rendered":"\n<h1 class=\"wp-block-heading\">Nuestra larga trayectoria enfrent\u00e1ndonos con firmeza a las grandes compa\u00f1\u00edas de seguros<\/h1>\n\n<p>Las compa\u00f1\u00edas de seguros conf\u00edan en la publicidad creativa para convencer a los consumidores de que tienen en cuenta sus mejores intereses. Sin embargo, los mejores intereses de la compa\u00f1\u00eda y los del consumidor a menudo entran en conflicto. Las compa\u00f1\u00edas de seguros quieren ganar dinero, lo que significa que tienen un fuerte incentivo para evitar pagar las reclamaciones, mientras que sus clientes conf\u00edan en ellas para recibir una compensaci\u00f3n completa por sus p\u00e9rdidas despu\u00e9s de los eventos cubiertos.  <\/p>\n\n<p>A pesar de este conflicto, las aseguradoras tienen la obligaci\u00f3n de cumplir los contratos que firman con sus asegurados. En San Francisco, los asegurados recurren a Oksenendler Law, P.C. para obtener ayuda legal <a href=\"https:\/\/oksenlaw.com\/es\/practice-areas\/reclamaciones-de-cobertura-de-seguros\/\">cuando las compa\u00f1\u00edas de seguros se niegan a pagar<\/a> las reclamaciones. Le invitamos a enviar un <a href=\"https:\/\/oksenlaw.com\/es\/contacto\/\">correo electr\u00f3nico ahora<\/a> a nuestro bufete para saber c\u00f3mo podemos ayudarle a enfrentarse con firmeza a una compa\u00f1\u00eda de seguros.  <\/p>\n\n<h2 class=\"wp-block-heading\">Estamos preparados para ayudarle a luchar contra las aseguradoras<\/h2>\n\n<p>Oksenendler Law, P.C. ha representado a asegurados en disputas contra compa\u00f1\u00edas de seguros durante m\u00e1s de 35 a\u00f1os. Una y otra vez, nos hemos enfrentado a algunas de las aseguradoras m\u00e1s influyentes del pa\u00eds, incluyendo: <\/p>\n\n<ul class=\"wp-block-list\">\n<li><a href=\"https:\/\/oksenlaw.com\/es\/casos-contra-grandes-companias-de-seguros\/allstate-insurance\/\">Allstate Insurance<\/a><\/li>\n\n\n\n<li>Blue Cross and Blue Shield<\/li>\n\n\n\n<li><a href=\"https:\/\/oksenlaw.com\/es\/casos-contra-grandes-companias-de-seguros\/state-farm\/\">State Farm<\/a><\/li>\n\n\n\n<li><a href=\"https:\/\/oksenlaw.com\/es\/casos-contra-grandes-companias-de-seguros\/lig\/\">LIG<\/a><\/li>\n\n\n\n<li><a href=\"https:\/\/oksenlaw.com\/es\/casos-contra-grandes-companias-de-seguros\/farmers\/\">Farmers Insurance<\/a><\/li>\n\n\n\n<li><a href=\"https:\/\/oksenlaw.com\/es\/casos-contra-grandes-companias-de-seguros\/csaa\/\">CSAA<\/a>, The California State Auto Association<\/li>\n\n\n\n<li><a href=\"https:\/\/oksenlaw.com\/es\/casos-contra-grandes-companias-de-seguros\/seguros-travelers\/\">Travelers Insurance<\/a><\/li>\n\n\n\n<li><a href=\"https:\/\/oksenlaw.com\/es\/casos-contra-grandes-companias-de-seguros\/firemans-fund-insurance\/\">Fireman\u2019s Fund Insurance<\/a><\/li>\n\n\n\n<li><a href=\"https:\/\/oksenlaw.com\/es\/casos-contra-grandes-companias-de-seguros\/liberty-mutual\/\">Liberty Mutual<\/a><\/li>\n\n\n\n<li><a href=\"https:\/\/oksenlaw.com\/es\/casos-contra-grandes-companias-de-seguros\/aig\/\">AIG<\/a>, que proporciona cobertura de seguros a empresas<\/li>\n\n\n\n<li><a href=\"https:\/\/oksenlaw.com\/es\/casos-contra-grandes-companias-de-seguros\/unum\/\">Unum<\/a><\/li>\n<\/ul>\n\n<p>Independientemente del tipo de p\u00f3liza que haya adquirido o de la compa\u00f1\u00eda a la que se la haya comprado, lucharemos para recuperar los da\u00f1os o la compensaci\u00f3n que se merece. Nuestros abogados tienen m\u00e1s de 70 a\u00f1os de experiencia combinada y un historial probado de \u00e9xito contra las <a href=\"https:\/\/oksenlaw.com\/es\/practice-areas\/reclamaciones-de-cobertura-de-seguros\/mala-fe-en-seguros\/\">compa\u00f1\u00edas de seguros que act\u00faan de mala fe<\/a>. <\/p>\n\n<h2 class=\"wp-block-heading\">Nuestros casos representativos de seguros<\/h2>\n\n<p>Cuando aceptamos un caso, no nos rendimos. Nos dedicamos a ayudar a nuestros clientes a recibir una compensaci\u00f3n justa por sus p\u00e9rdidas, sin importar lo que afirme la compa\u00f1\u00eda de seguros. Ejemplos representativos de los resultados de nuestros casos incluyen:  <\/p>\n\n<ul class=\"wp-block-list\">\n<li><strong>Acuerdo de 1.112.500 $ por negligencia de corredor y mala fe: <\/strong>Una aseguradora se neg\u00f3 a pagar la sentencia de un cliente, alegando que su reclamaci\u00f3n no estaba cubierta. Demostramos que la aseguradora y el corredor hab\u00edan intentado ocultar el hecho de que s\u00ed estaba cubierta y conseguimos una compensaci\u00f3n justa para nuestro cliente. <\/li>\n\n\n\n<li><strong>Acuerdo confidencial de siete cifras por fraude y mala fe: <\/strong>Un importante banco nacional asegur\u00f3 a una familia que el seguro de protecci\u00f3n hipotecaria estaba incluido cuando refinanciaron su casa, y luego se neg\u00f3 a pagar los beneficios. Logramos un acuerdo de mala fe de siete cifras para la familia despu\u00e9s de probar el patr\u00f3n de negaci\u00f3n y enga\u00f1o del banco. <\/li>\n\n\n\n<li><strong>Suma confidencial de seis cifras por mala fe: <\/strong>Demostramos que una importante aseguradora de autom\u00f3viles de California actu\u00f3 de mala fe, intentando obligar a nuestra clienta a renunciar a su reclamaci\u00f3n por conductor con seguro insuficiente debido a su posici\u00f3n vulnerable, y recuperamos m\u00e1s de diez veces sus p\u00e9rdidas econ\u00f3micas.<\/li>\n<\/ul>\n\n<p>Nuestros abogados especializados en seguros est\u00e1n preparados para luchar por resultados similares en su nombre. Explore m\u00e1s de <a href=\"https:\/\/oksenlaw.com\/es\/resultados\/\">nuestros resultados<\/a> para ver c\u00f3mo podemos ayudarle. <\/p>\n\n<h2 class=\"wp-block-heading\">Act\u00fae para proteger sus derechos. Contacte hoy mismo con Oksenendler Law, P.C. <\/h2>\n\n<p>Tomamos medidas en\u00e9rgicas para proteger los derechos de los consumidores. Si tiene preguntas sobre sus derechos bajo una p\u00f3liza de seguro, no dude en ponerse en contacto con nuestra oficina. Estamos convenientemente ubicados en el coraz\u00f3n del Distrito Financiero de San Francisco y asistimos a clientes en toda el \u00c1rea de la Bah\u00eda. Cont\u00e1ctenos en el <a href=\"tel:+1-(415)%20733-1050\">(415) 733-1050<\/a> o <a href=\"https:\/\/oksenlaw.com\/es\/contacto\/\">env\u00edenos un correo electr\u00f3nico<\/a> para discutir su situaci\u00f3n. Nuestros abogados de seguros de San Francisco llevan todos los casos con honorarios condicionales.    <\/p>\n","protected":false},"excerpt":{"rendered":"<p>Nuestra larga trayectoria enfrent\u00e1ndonos con firmeza a las grandes compa\u00f1\u00edas de seguros Las compa\u00f1\u00edas de seguros conf\u00edan en la publicidad creativa para convencer a los consumidores de que tienen en cuenta sus mejores intereses. Sin embargo, los mejores intereses de la compa\u00f1\u00eda y los del consumidor a menudo entran en conflicto. Las compa\u00f1\u00edas de seguros [&hellip;]<\/p>\n","protected":false},"author":5,"featured_media":0,"parent":0,"menu_order":0,"comment_status":"closed","ping_status":"closed","template":"","meta":{"_acf_changed":false,"inline_featured_image":false,"footnotes":""},"class_list":["post-47004","page","type-page","status-publish","hentry"],"acf":[],"jetpack_sharing_enabled":true,"_links":{"self":[{"href":"https:\/\/oksenlaw.com\/es\/wp-json\/wp\/v2\/pages\/47004","targetHints":{"allow":["GET"]}}],"collection":[{"href":"https:\/\/oksenlaw.com\/es\/wp-json\/wp\/v2\/pages"}],"about":[{"href":"https:\/\/oksenlaw.com\/es\/wp-json\/wp\/v2\/types\/page"}],"author":[{"embeddable":true,"href":"https:\/\/oksenlaw.com\/es\/wp-json\/wp\/v2\/users\/5"}],"replies":[{"embeddable":true,"href":"https:\/\/oksenlaw.com\/es\/wp-json\/wp\/v2\/comments?post=47004"}],"version-history":[{"count":1,"href":"https:\/\/oksenlaw.com\/es\/wp-json\/wp\/v2\/pages\/47004\/revisions"}],"predecessor-version":[{"id":47007,"href":"https:\/\/oksenlaw.com\/es\/wp-json\/wp\/v2\/pages\/47004\/revisions\/47007"}],"wp:attachment":[{"href":"https:\/\/oksenlaw.com\/es\/wp-json\/wp\/v2\/media?parent=47004"}],"curies":[{"name":"wp","href":"https:\/\/api.w.org\/{rel}","templated":true}]}}