{"id":47010,"date":"2024-09-20T01:38:46","date_gmt":"2024-09-20T01:38:46","guid":{"rendered":"https:\/\/oksenlaw.com\/blog\/"},"modified":"2026-02-12T17:27:05","modified_gmt":"2026-02-12T17:27:05","slug":"blog","status":"publish","type":"page","link":"https:\/\/oksenlaw.com\/es\/blog\/","title":{"rendered":"Blog"},"content":{"rendered":"\t\t<div data-elementor-type=\"wp-page\" data-elementor-id=\"47010\" class=\"elementor elementor-47010 elementor-46741\" data-elementor-post-type=\"page\">\n\t\t\t\t<div class=\"elementor-element elementor-element-36ca70a e-flex e-con-boxed e-con e-parent\" data-id=\"36ca70a\" data-element_type=\"container\" data-e-type=\"container\" data-settings=\"{&quot;background_background&quot;:&quot;classic&quot;}\">\n\t\t\t\t\t<div class=\"e-con-inner\">\n\t\t\t\t<div class=\"elementor-element elementor-element-624312b exad-sticky-section-no exad-glass-effect-no elementor-widget elementor-widget-heading\" data-id=\"624312b\" data-element_type=\"widget\" data-e-type=\"widget\" data-widget_type=\"heading.default\">\n\t\t\t\t<div class=\"elementor-widget-container\">\n\t\t\t\t\t<h2 class=\"elementor-heading-title elementor-size-default\">Blog<\/h2>\t\t\t\t<\/div>\n\t\t\t\t<\/div>\n\t\t\t\t<div class=\"elementor-element elementor-element-4ae07e3 exad-sticky-section-no exad-glass-effect-no elementor-widget elementor-widget-shortcode\" data-id=\"4ae07e3\" data-element_type=\"widget\" data-e-type=\"widget\" data-widget_type=\"shortcode.default\">\n\t\t\t\t<div class=\"elementor-widget-container\">\n\t\t\t\t\t\t\t<div class=\"elementor-shortcode\"><nav aria-label=\"breadcrumbs\" class=\"rank-math-breadcrumb\"><p><span class=\"last\">Inicio<\/span><\/p><\/nav><\/div>\n\t\t\t\t\t\t<\/div>\n\t\t\t\t<\/div>\n\t\t\t\t\t<\/div>\n\t\t\t\t<\/div>\n\t\t<div class=\"elementor-element elementor-element-16137da e-flex e-con-boxed e-con e-parent\" data-id=\"16137da\" data-element_type=\"container\" data-e-type=\"container\" data-settings=\"{&quot;background_background&quot;:&quot;classic&quot;}\">\n\t\t\t\t\t<div class=\"e-con-inner\">\n\t\t<div class=\"elementor-element elementor-element-5c42cf8 e-con-full e-flex e-con e-child\" data-id=\"5c42cf8\" data-element_type=\"container\" data-e-type=\"container\">\n\t\t\t\t<div class=\"elementor-element elementor-element-ffdb86b elementor-grid-2 elementor-grid-tablet-1 elementor-grid-mobile-1 elementor-posts--thumbnail-top elementor-card-shadow-yes elementor-posts__hover-gradient exad-sticky-section-no exad-glass-effect-no elementor-widget elementor-widget-posts\" data-id=\"ffdb86b\" data-element_type=\"widget\" data-e-type=\"widget\" data-settings=\"{&quot;cards_columns&quot;:&quot;2&quot;,&quot;cards_columns_tablet&quot;:&quot;1&quot;,&quot;cards_row_gap&quot;:{&quot;unit&quot;:&quot;px&quot;,&quot;size&quot;:20,&quot;sizes&quot;:[]},&quot;pagination_type&quot;:&quot;numbers_and_prev_next&quot;,&quot;cards_columns_mobile&quot;:&quot;1&quot;,&quot;cards_row_gap_laptop&quot;:{&quot;unit&quot;:&quot;px&quot;,&quot;size&quot;:&quot;&quot;,&quot;sizes&quot;:[]},&quot;cards_row_gap_tablet&quot;:{&quot;unit&quot;:&quot;px&quot;,&quot;size&quot;:&quot;&quot;,&quot;sizes&quot;:[]},&quot;cards_row_gap_mobile&quot;:{&quot;unit&quot;:&quot;px&quot;,&quot;size&quot;:&quot;&quot;,&quot;sizes&quot;:[]}}\" data-widget_type=\"posts.cards\">\n\t\t\t\t<div class=\"elementor-widget-container\">\n\t\t\t\t\t\t\t<div class=\"elementor-posts-container elementor-posts elementor-posts--skin-cards elementor-grid\" role=\"list\">\n\t\t\t\t<article class=\"elementor-post elementor-grid-item post-47134 post type-post status-publish format-standard hentry category-insurance-litigation category-insurance\" role=\"listitem\">\n\t\t\t<div class=\"elementor-post__card\">\n\t\t\t\t<div class=\"elementor-post__text\">\n\t\t\t\t<h3 class=\"elementor-post__title\">\n\t\t\t<a href=\"https:\/\/oksenlaw.com\/es\/seguros\/comprension-de-las-agrupaciones-de-riesgo-y-los-grupos-de-retencion-de-riesgo-en-el-derecho-de-seguros-de-california\/\">\n\t\t\t\tComprensi\u00f3n de las agrupaciones de riesgo y los grupos de retenci\u00f3n de riesgo en el derecho de seguros de California\t\t\t<\/a>\n\t\t<\/h3>\n\t\t\t\t<div class=\"elementor-post__excerpt\">\n\t\t\t<p>En el complejo panorama de seguros de California, las empresas y entidades p\u00fablicas exploran cada vez m\u00e1s opciones de financiaci\u00f3n de riesgo alternativas para gestionar la exposici\u00f3n a la responsabilidad civil. Las agrupaciones de riesgo y los grupos de retenci\u00f3n de riesgo ofrecen v\u00edas para estabilizar costes, asegurar la cobertura<\/p>\n\t\t<\/div>\n\t\t\n\t\t<a class=\"elementor-post__read-more\" href=\"https:\/\/oksenlaw.com\/es\/seguros\/comprension-de-las-agrupaciones-de-riesgo-y-los-grupos-de-retencion-de-riesgo-en-el-derecho-de-seguros-de-california\/\" aria-label=\"M\u00e1s informaci\u00f3n sobre Comprensi\u00f3n de las agrupaciones de riesgo y los grupos de retenci\u00f3n de riesgo en el derecho de seguros de California\" tabindex=\"-1\">\n\t\t\tLeer m\u00e1s \u00bb\t\t<\/a>\n\n\t\t\t\t<\/div>\n\t\t\t\t<div class=\"elementor-post__meta-data\">\n\t\t\t\t\t<span class=\"elementor-post-date\">\n\t\t\tenero 6, 2026\t\t<\/span>\n\t\t\t\t<\/div>\n\t\t\t\t\t<\/div>\n\t\t<\/article>\n\t\t\t\t<article class=\"elementor-post elementor-grid-item post-47129 post type-post status-publish format-standard has-post-thumbnail hentry category-seguro-del-hogar\" role=\"listitem\">\n\t\t\t<div class=\"elementor-post__card\">\n\t\t\t\t<a class=\"elementor-post__thumbnail__link\" href=\"https:\/\/oksenlaw.com\/es\/seguro-del-hogar\/la-importancia-de-un-inventario-del-hogar-para-reclamaciones-de-seguros\/\" tabindex=\"-1\"><div class=\"elementor-post__thumbnail\"><img fetchpriority=\"high\" decoding=\"async\" width=\"768\" height=\"500\" src=\"https:\/\/i0.wp.com\/oksenlaw.com\/wp-content\/uploads\/2024\/11\/home-inventories-why-they-matter-insurance-claims.jpg?fit=768%2C500&amp;ssl=1\" class=\"attachment-medium_large size-medium_large wp-image-47130\" alt=\"La importancia de un inventario del hogar para reclamaciones de seguros\" srcset=\"https:\/\/i0.wp.com\/oksenlaw.com\/wp-content\/uploads\/2024\/11\/home-inventories-why-they-matter-insurance-claims.jpg?w=1024&amp;ssl=1 1024w, https:\/\/i0.wp.com\/oksenlaw.com\/wp-content\/uploads\/2024\/11\/home-inventories-why-they-matter-insurance-claims.jpg?resize=300%2C195&amp;ssl=1 300w, https:\/\/i0.wp.com\/oksenlaw.com\/wp-content\/uploads\/2024\/11\/home-inventories-why-they-matter-insurance-claims.jpg?resize=768%2C500&amp;ssl=1 768w\" sizes=\"(max-width: 768px) 100vw, 768px\" \/><\/div><\/a>\n\t\t\t\t<div class=\"elementor-post__badge\">Seguro del hogar<\/div>\n\t\t\t\t<div class=\"elementor-post__text\">\n\t\t\t\t<h3 class=\"elementor-post__title\">\n\t\t\t<a href=\"https:\/\/oksenlaw.com\/es\/seguro-del-hogar\/la-importancia-de-un-inventario-del-hogar-para-reclamaciones-de-seguros\/\">\n\t\t\t\tLa importancia de un inventario del hogar para reclamaciones de seguros\t\t\t<\/a>\n\t\t<\/h3>\n\t\t\t\t<div class=\"elementor-post__excerpt\">\n\t\t\t<p>La importancia de un inventario del hogar para reclamaciones de seguros Imagina este terrible escenario: regresas a casa despu\u00e9s de unas vacaciones y encuentras tu casa y tus pertenencias gravemente da\u00f1adas por un incendio. El coste emocional es inmenso e inevitable, pero la carga financiera puede reducirse o eliminarse si<\/p>\n\t\t<\/div>\n\t\t\n\t\t<a class=\"elementor-post__read-more\" href=\"https:\/\/oksenlaw.com\/es\/seguro-del-hogar\/la-importancia-de-un-inventario-del-hogar-para-reclamaciones-de-seguros\/\" aria-label=\"M\u00e1s informaci\u00f3n sobre La importancia de un inventario del hogar para reclamaciones de seguros\" tabindex=\"-1\">\n\t\t\tLeer m\u00e1s \u00bb\t\t<\/a>\n\n\t\t\t\t<\/div>\n\t\t\t\t<div class=\"elementor-post__meta-data\">\n\t\t\t\t\t<span class=\"elementor-post-date\">\n\t\t\tjulio 19, 2024\t\t<\/span>\n\t\t\t\t<\/div>\n\t\t\t\t\t<\/div>\n\t\t<\/article>\n\t\t\t\t<article class=\"elementor-post elementor-grid-item post-47123 post type-post status-publish format-standard has-post-thumbnail hentry category-seguros\" role=\"listitem\">\n\t\t\t<div class=\"elementor-post__card\">\n\t\t\t\t<a class=\"elementor-post__thumbnail__link\" href=\"https:\/\/oksenlaw.com\/es\/seguros\/tus-derechos-legales-en-el-proceso-de-reclamacion-de-seguros\/\" tabindex=\"-1\"><div class=\"elementor-post__thumbnail\"><img decoding=\"async\" width=\"768\" height=\"500\" src=\"https:\/\/i0.wp.com\/oksenlaw.com\/wp-content\/uploads\/2024\/06\/image.png?fit=768%2C500&amp;ssl=1\" class=\"attachment-medium_large size-medium_large wp-image-47124\" alt=\"una persona sosteniendo un bol\u00edgrafo y un portapapeles\" srcset=\"https:\/\/i0.wp.com\/oksenlaw.com\/wp-content\/uploads\/2024\/06\/image.png?w=1024&amp;ssl=1 1024w, https:\/\/i0.wp.com\/oksenlaw.com\/wp-content\/uploads\/2024\/06\/image.png?resize=300%2C195&amp;ssl=1 300w, https:\/\/i0.wp.com\/oksenlaw.com\/wp-content\/uploads\/2024\/06\/image.png?resize=768%2C500&amp;ssl=1 768w\" sizes=\"(max-width: 768px) 100vw, 768px\" \/><\/div><\/a>\n\t\t\t\t<div class=\"elementor-post__badge\">Seguros<\/div>\n\t\t\t\t<div class=\"elementor-post__text\">\n\t\t\t\t<h3 class=\"elementor-post__title\">\n\t\t\t<a href=\"https:\/\/oksenlaw.com\/es\/seguros\/tus-derechos-legales-en-el-proceso-de-reclamacion-de-seguros\/\">\n\t\t\t\tTus derechos legales en el proceso de reclamaci\u00f3n de seguros\t\t\t<\/a>\n\t\t<\/h3>\n\t\t\t\t<div class=\"elementor-post__excerpt\">\n\t\t\t<p>Tus derechos legales en el proceso de reclamaci\u00f3n de seguros Presentar una reclamaci\u00f3n de seguro puede ser abrumador, especialmente cuando te enfrentas a las consecuencias de un accidente, un desastre natural o una crisis de salud. Comprender tus derechos legales es crucial para asegurarte de que recibes la compensaci\u00f3n a<\/p>\n\t\t<\/div>\n\t\t\n\t\t<a class=\"elementor-post__read-more\" href=\"https:\/\/oksenlaw.com\/es\/seguros\/tus-derechos-legales-en-el-proceso-de-reclamacion-de-seguros\/\" aria-label=\"M\u00e1s informaci\u00f3n sobre Tus derechos legales en el proceso de reclamaci\u00f3n de seguros\" tabindex=\"-1\">\n\t\t\tLeer m\u00e1s \u00bb\t\t<\/a>\n\n\t\t\t\t<\/div>\n\t\t\t\t<div class=\"elementor-post__meta-data\">\n\t\t\t\t\t<span class=\"elementor-post-date\">\n\t\t\tjunio 19, 2024\t\t<\/span>\n\t\t\t\t<\/div>\n\t\t\t\t\t<\/div>\n\t\t<\/article>\n\t\t\t\t<article class=\"elementor-post elementor-grid-item post-47126 post type-post status-publish format-standard has-post-thumbnail hentry category-reclamaciones-de-seguros category-retrasos-en-los-seguros\" role=\"listitem\">\n\t\t\t<div class=\"elementor-post__card\">\n\t\t\t\t<a class=\"elementor-post__thumbnail__link\" href=\"https:\/\/oksenlaw.com\/es\/reclamaciones-de-seguros\/el-impacto-de-los-desastres-naturales-en-las-reclamaciones-de-seguros\/\" tabindex=\"-1\"><div class=\"elementor-post__thumbnail\"><img decoding=\"async\" width=\"768\" height=\"500\" src=\"https:\/\/i0.wp.com\/oksenlaw.com\/wp-content\/uploads\/2024\/05\/image-1.png?fit=768%2C500&amp;ssl=1\" class=\"attachment-medium_large size-medium_large wp-image-47127\" alt=\"una carretera con escombros\" srcset=\"https:\/\/i0.wp.com\/oksenlaw.com\/wp-content\/uploads\/2024\/05\/image-1.png?w=1024&amp;ssl=1 1024w, https:\/\/i0.wp.com\/oksenlaw.com\/wp-content\/uploads\/2024\/05\/image-1.png?resize=300%2C195&amp;ssl=1 300w, https:\/\/i0.wp.com\/oksenlaw.com\/wp-content\/uploads\/2024\/05\/image-1.png?resize=768%2C500&amp;ssl=1 768w\" sizes=\"(max-width: 768px) 100vw, 768px\" \/><\/div><\/a>\n\t\t\t\t<div class=\"elementor-post__badge\">Reclamaciones de seguros<\/div>\n\t\t\t\t<div class=\"elementor-post__text\">\n\t\t\t\t<h3 class=\"elementor-post__title\">\n\t\t\t<a href=\"https:\/\/oksenlaw.com\/es\/reclamaciones-de-seguros\/el-impacto-de-los-desastres-naturales-en-las-reclamaciones-de-seguros\/\">\n\t\t\t\tEl impacto de los desastres naturales en las reclamaciones de seguros\t\t\t<\/a>\n\t\t<\/h3>\n\t\t\t\t<div class=\"elementor-post__excerpt\">\n\t\t\t<p>El impacto de los desastres naturales en las reclamaciones de seguros Los desastres naturales pueden tener efectos devastadores en las comunidades, las econom\u00edas y las personas. Una consecuencia significativa y a menudo ignorada es el impacto en las reclamaciones de seguros. Cuando ocurre un desastre natural, puede producirse un aumento<\/p>\n\t\t<\/div>\n\t\t\n\t\t<a class=\"elementor-post__read-more\" href=\"https:\/\/oksenlaw.com\/es\/reclamaciones-de-seguros\/el-impacto-de-los-desastres-naturales-en-las-reclamaciones-de-seguros\/\" aria-label=\"M\u00e1s informaci\u00f3n sobre El impacto de los desastres naturales en las reclamaciones de seguros\" tabindex=\"-1\">\n\t\t\tLeer m\u00e1s \u00bb\t\t<\/a>\n\n\t\t\t\t<\/div>\n\t\t\t\t<div class=\"elementor-post__meta-data\">\n\t\t\t\t\t<span class=\"elementor-post-date\">\n\t\t\tmayo 19, 2024\t\t<\/span>\n\t\t\t\t<\/div>\n\t\t\t\t\t<\/div>\n\t\t<\/article>\n\t\t\t\t<article class=\"elementor-post elementor-grid-item post-47116 post type-post status-publish format-standard has-post-thumbnail hentry category-informacion-sobre-seguros\" role=\"listitem\">\n\t\t\t<div class=\"elementor-post__card\">\n\t\t\t\t<a class=\"elementor-post__thumbnail__link\" href=\"https:\/\/oksenlaw.com\/es\/informacion-sobre-seguros\/la-diferencia-entre-el-coste-de-reposicion-y-el-valor-real-en-efectivo\/\" tabindex=\"-1\"><div class=\"elementor-post__thumbnail\"><img loading=\"lazy\" decoding=\"async\" width=\"768\" height=\"500\" src=\"https:\/\/i0.wp.com\/oksenlaw.com\/wp-content\/uploads\/2024\/04\/image-2.png?fit=768%2C500&amp;ssl=1\" class=\"attachment-medium_large size-medium_large wp-image-47117\" alt=\"un mont\u00f3n de monedas y una mano sosteniendo un papel\" srcset=\"https:\/\/i0.wp.com\/oksenlaw.com\/wp-content\/uploads\/2024\/04\/image-2.png?w=1024&amp;ssl=1 1024w, https:\/\/i0.wp.com\/oksenlaw.com\/wp-content\/uploads\/2024\/04\/image-2.png?resize=300%2C195&amp;ssl=1 300w, https:\/\/i0.wp.com\/oksenlaw.com\/wp-content\/uploads\/2024\/04\/image-2.png?resize=768%2C500&amp;ssl=1 768w\" sizes=\"(max-width: 768px) 100vw, 768px\" \/><\/div><\/a>\n\t\t\t\t<div class=\"elementor-post__badge\">Informaci\u00f3n sobre seguros<\/div>\n\t\t\t\t<div class=\"elementor-post__text\">\n\t\t\t\t<h3 class=\"elementor-post__title\">\n\t\t\t<a href=\"https:\/\/oksenlaw.com\/es\/informacion-sobre-seguros\/la-diferencia-entre-el-coste-de-reposicion-y-el-valor-real-en-efectivo\/\">\n\t\t\t\tLa diferencia entre el coste de reposici\u00f3n y el valor real en efectivo\t\t\t<\/a>\n\t\t<\/h3>\n\t\t\t\t<div class=\"elementor-post__excerpt\">\n\t\t\t<p>La diferencia entre el coste de reposici\u00f3n y el valor real en efectivo En el \u00e1mbito de las p\u00f3lizas de seguros, entender los matices entre el coste de reposici\u00f3n y el valor real en efectivo (VRE) es fundamental. Estos t\u00e9rminos desempe\u00f1an un papel importante a la hora de determinar la<\/p>\n\t\t<\/div>\n\t\t\n\t\t<a class=\"elementor-post__read-more\" href=\"https:\/\/oksenlaw.com\/es\/informacion-sobre-seguros\/la-diferencia-entre-el-coste-de-reposicion-y-el-valor-real-en-efectivo\/\" aria-label=\"M\u00e1s informaci\u00f3n sobre La diferencia entre el coste de reposici\u00f3n y el valor real en efectivo\" tabindex=\"-1\">\n\t\t\tLeer m\u00e1s \u00bb\t\t<\/a>\n\n\t\t\t\t<\/div>\n\t\t\t\t<div class=\"elementor-post__meta-data\">\n\t\t\t\t\t<span class=\"elementor-post-date\">\n\t\t\tabril 19, 2024\t\t<\/span>\n\t\t\t\t<\/div>\n\t\t\t\t\t<\/div>\n\t\t<\/article>\n\t\t\t\t<article class=\"elementor-post elementor-grid-item post-47113 post type-post status-publish format-standard has-post-thumbnail hentry category-seguros category-mala-fe\" role=\"listitem\">\n\t\t\t<div class=\"elementor-post__card\">\n\t\t\t\t<a class=\"elementor-post__thumbnail__link\" href=\"https:\/\/oksenlaw.com\/es\/seguros\/retrasos-en-las-reclamaciones-al-seguro-causas-y-soluciones\/\" tabindex=\"-1\"><div class=\"elementor-post__thumbnail\"><img loading=\"lazy\" decoding=\"async\" width=\"768\" height=\"500\" src=\"https:\/\/i0.wp.com\/oksenlaw.com\/wp-content\/uploads\/2024\/04\/image-3.png?fit=768%2C500&amp;ssl=1\" class=\"attachment-medium_large size-medium_large wp-image-47114\" alt=\"un reloj de arena sobre una mesa con un port\u00e1til y una persona gesticulando\" srcset=\"https:\/\/i0.wp.com\/oksenlaw.com\/wp-content\/uploads\/2024\/04\/image-3.png?w=1024&amp;ssl=1 1024w, https:\/\/i0.wp.com\/oksenlaw.com\/wp-content\/uploads\/2024\/04\/image-3.png?resize=300%2C195&amp;ssl=1 300w, https:\/\/i0.wp.com\/oksenlaw.com\/wp-content\/uploads\/2024\/04\/image-3.png?resize=768%2C500&amp;ssl=1 768w\" sizes=\"(max-width: 768px) 100vw, 768px\" \/><\/div><\/a>\n\t\t\t\t<div class=\"elementor-post__badge\">Seguros<\/div>\n\t\t\t\t<div class=\"elementor-post__text\">\n\t\t\t\t<h3 class=\"elementor-post__title\">\n\t\t\t<a href=\"https:\/\/oksenlaw.com\/es\/seguros\/retrasos-en-las-reclamaciones-al-seguro-causas-y-soluciones\/\">\n\t\t\t\tRetrasos en las reclamaciones al seguro: causas y soluciones\t\t\t<\/a>\n\t\t<\/h3>\n\t\t\t\t<div class=\"elementor-post__excerpt\">\n\t\t\t<p>Retrasos en las reclamaciones al seguro: causas y soluciones Los retrasos en las reclamaciones al seguro pueden alterar de forma significativa la vida de los asegurados. Especialmente en California, donde los matices legales y el alto volumen de reclamaciones pueden complicar los procesos, es esencial comprender las razones de estos<\/p>\n\t\t<\/div>\n\t\t\n\t\t<a class=\"elementor-post__read-more\" href=\"https:\/\/oksenlaw.com\/es\/seguros\/retrasos-en-las-reclamaciones-al-seguro-causas-y-soluciones\/\" aria-label=\"M\u00e1s informaci\u00f3n sobre Retrasos en las reclamaciones al seguro: causas y soluciones\" tabindex=\"-1\">\n\t\t\tLeer m\u00e1s \u00bb\t\t<\/a>\n\n\t\t\t\t<\/div>\n\t\t\t\t<div class=\"elementor-post__meta-data\">\n\t\t\t\t\t<span class=\"elementor-post-date\">\n\t\t\tabril 19, 2024\t\t<\/span>\n\t\t\t\t<\/div>\n\t\t\t\t\t<\/div>\n\t\t<\/article>\n\t\t\t\t<\/div>\n\t\t\n\t\t\t\t<div class=\"e-load-more-anchor\" data-page=\"1\" data-max-page=\"4\" data-next-page=\"https:\/\/oksenlaw.com\/es\/wp-json\/wp\/v2\/pages\/47010\/page\/2\/\"><\/div>\n\t\t\t\t<nav class=\"elementor-pagination\" aria-label=\"Paginaci\u00f3n\">\n\t\t\t<span class=\"page-numbers prev\">\u00ab Anterior<\/span>\n<span aria-current=\"page\" class=\"page-numbers current\"><span class=\"elementor-screen-only\">P\u00e1gina<\/span>1<\/span>\n<a class=\"page-numbers\" href=\"https:\/\/oksenlaw.com\/es\/wp-json\/wp\/v2\/pages\/47010\/page\/2\/\"><span class=\"elementor-screen-only\">P\u00e1gina<\/span>2<\/a>\n<a class=\"page-numbers\" href=\"https:\/\/oksenlaw.com\/es\/wp-json\/wp\/v2\/pages\/47010\/page\/3\/\"><span class=\"elementor-screen-only\">P\u00e1gina<\/span>3<\/a>\n<a class=\"page-numbers\" href=\"https:\/\/oksenlaw.com\/es\/wp-json\/wp\/v2\/pages\/47010\/page\/4\/\"><span class=\"elementor-screen-only\">P\u00e1gina<\/span>4<\/a>\n<a class=\"page-numbers next\" href=\"https:\/\/oksenlaw.com\/es\/wp-json\/wp\/v2\/pages\/47010\/page\/2\/\">Siguiente \u00bb<\/a>\t\t<\/nav>\n\t\t\t\t\t\t<\/div>\n\t\t\t\t<\/div>\n\t\t\t\t<\/div>\n\t\t<div class=\"elementor-element elementor-element-9d9c866 e-con-full e-flex e-con e-child\" data-id=\"9d9c866\" data-element_type=\"container\" data-e-type=\"container\">\n\t\t\t\t<div class=\"elementor-element elementor-element-01dcf8f exad-sticky-section-no exad-glass-effect-no elementor-widget elementor-widget-search\" data-id=\"01dcf8f\" data-element_type=\"widget\" data-e-type=\"widget\" data-settings=\"{&quot;submit_trigger&quot;:&quot;key_enter&quot;,&quot;pagination_type_options&quot;:&quot;none&quot;}\" data-widget_type=\"search.default\">\n\t\t\t\t<div class=\"elementor-widget-container\">\n\t\t\t\t\t\t\t<search class=\"e-search hidden\" role=\"search\">\n\t\t\t<form class=\"e-search-form\" action=\"https:\/\/oksenlaw.com\/es\/\" method=\"get\">\n\n\t\t\t\t\n\t\t\t\t<label class=\"e-search-label\" for=\"search-01dcf8f\">\n\t\t\t\t\t<span class=\"elementor-screen-only\">\n\t\t\t\t\t\tBuscar\t\t\t\t\t<\/span>\n\t\t\t\t\t<i aria-hidden=\"true\" class=\"feather icon-search\"><\/i>\t\t\t\t<\/label>\n\n\t\t\t\t<div class=\"e-search-input-wrapper\">\n\t\t\t\t\t<input id=\"search-01dcf8f\" placeholder=\"Escribe para empezar a buscar...\" class=\"e-search-input\" type=\"search\" name=\"s\" value=\"\" autocomplete=\"off\" role=\"combobox\" aria-autocomplete=\"list\" aria-expanded=\"false\" aria-controls=\"results-01dcf8f\" aria-haspopup=\"listbox\">\n\t\t\t\t\t<svg aria-hidden=\"true\" class=\"e-font-icon-svg e-fas-times\" viewBox=\"0 0 352 512\" xmlns=\"http:\/\/www.w3.org\/2000\/svg\"><path d=\"M242.72 256l100.07-100.07c12.28-12.28 12.28-32.19 0-44.48l-22.24-22.24c-12.28-12.28-32.19-12.28-44.48 0L176 189.28 75.93 89.21c-12.28-12.28-32.19-12.28-44.48 0L9.21 111.45c-12.28 12.28-12.28 32.19 0 44.48L109.28 256 9.21 356.07c-12.28 12.28-12.28 32.19 0 44.48l22.24 22.24c12.28 12.28 32.2 12.28 44.48 0L176 322.72l100.07 100.07c12.28 12.28 32.2 12.28 44.48 0l22.24-22.24c12.28-12.28 12.28-32.19 0-44.48L242.72 256z\"><\/path><\/svg>\t\t\t\t\t\t\t\t\t\t<output id=\"results-01dcf8f\" class=\"e-search-results-container hide-loader\" aria-live=\"polite\" aria-atomic=\"true\" aria-label=\"Resultados de b\u00fasqueda\" tabindex=\"0\">\n\t\t\t\t\t\t<div class=\"e-search-results\"><\/div>\n\t\t\t\t\t\t\t\t\t\t\t<\/output>\n\t\t\t\t\t\t\t\t\t<\/div>\n\t\t\t\t\n\t\t\t\t\n\t\t\t\t<button class=\"e-search-submit elementor-screen-only \" type=\"submit\" aria-label=\"Buscar\">\n\t\t\t\t\t\n\t\t\t\t\t\t\t\t\t<\/button>\n\t\t\t\t<input type=\"hidden\" name=\"e_search_props\" value=\"01dcf8f-47010\">\n\t\t\t<\/form>\n\t\t<\/search>\n\t\t\t\t\t\t<\/div>\n\t\t\t\t<\/div>\n\t\t\t\t<div class=\"elementor-element elementor-element-54571e3 exad-sticky-section-no exad-glass-effect-no elementor-widget elementor-widget-heading\" data-id=\"54571e3\" data-element_type=\"widget\" data-e-type=\"widget\" data-widget_type=\"heading.default\">\n\t\t\t\t<div class=\"elementor-widget-container\">\n\t\t\t\t\t<h4 class=\"elementor-heading-title elementor-size-default\">Categor\u00edas<\/h4>\t\t\t\t<\/div>\n\t\t\t\t<\/div>\n\t\t\t\t<div class=\"elementor-element elementor-element-a25f1f1 exad-sticky-section-no exad-glass-effect-no elementor-widget elementor-widget-wp-widget-categories\" data-id=\"a25f1f1\" data-element_type=\"widget\" data-e-type=\"widget\" data-widget_type=\"wp-widget-categories.default\">\n\t\t\t\t<div class=\"elementor-widget-container\">\n\t\t\t\t\t<h5>Categor\u00edas<\/h5><nav aria-label=\"Categor\u00edas\">\n\t\t\t<ul>\n\t\t\t\t\t<li class=\"cat-item cat-item-52\"><a href=\"https:\/\/oksenlaw.com\/es\/category\/danos-por-desastres-naturales\/\">Da\u00f1os por desastres naturales<\/a>\n<\/li>\n\t<li class=\"cat-item cat-item-55\"><a href=\"https:\/\/oksenlaw.com\/es\/category\/derecho-de-seguros\/\">Derecho de seguros<\/a>\n<\/li>\n\t<li class=\"cat-item cat-item-54\"><a href=\"https:\/\/oksenlaw.com\/es\/category\/informacion-sobre-seguros\/\">Informaci\u00f3n sobre seguros<\/a>\n<\/li>\n\t<li class=\"cat-item cat-item-53\"><a href=\"https:\/\/oksenlaw.com\/es\/category\/litigios-de-seguros\/\">Litigios de seguros<\/a>\n<\/li>\n\t<li class=\"cat-item cat-item-47\"><a href=\"https:\/\/oksenlaw.com\/es\/category\/mala-fe\/\">Mala fe<\/a>\n<\/li>\n\t<li class=\"cat-item cat-item-48\"><a href=\"https:\/\/oksenlaw.com\/es\/category\/mala-fe-en-seguros\/\">Mala fe en seguros<\/a>\n<\/li>\n\t<li class=\"cat-item cat-item-46\"><a href=\"https:\/\/oksenlaw.com\/es\/category\/negativa-a-defender\/\">Negativa a defender<\/a>\n<\/li>\n\t<li class=\"cat-item cat-item-51\"><a href=\"https:\/\/oksenlaw.com\/es\/category\/reclamaciones-de-seguros\/\">Reclamaciones de seguros<\/a>\n<\/li>\n\t<li class=\"cat-item cat-item-56\"><a href=\"https:\/\/oksenlaw.com\/es\/category\/retrasos-en-los-seguros\/\">Retrasos en los seguros<\/a>\n<\/li>\n\t<li class=\"cat-item cat-item-49\"><a href=\"https:\/\/oksenlaw.com\/es\/category\/seguro-de-responsabilidad-civil\/\">Seguro de responsabilidad civil<\/a>\n<\/li>\n\t<li class=\"cat-item cat-item-57\"><a href=\"https:\/\/oksenlaw.com\/es\/category\/seguro-del-hogar\/\">Seguro del hogar<\/a>\n<\/li>\n\t<li class=\"cat-item cat-item-50\"><a href=\"https:\/\/oksenlaw.com\/es\/category\/seguros\/\">Seguros<\/a>\n<\/li>\n\t<li class=\"cat-item cat-item-39\"><a href=\"https:\/\/oksenlaw.com\/es\/category\/sin-categoria\/\">Sin categor\u00eda<\/a>\n<\/li>\n\t\t\t<\/ul>\n\n\t\t\t<\/nav>\t\t\t\t<\/div>\n\t\t\t\t<\/div>\n\t\t\t\t<\/div>\n\t\t\t\t\t<\/div>\n\t\t\t\t<\/div>\n\t\t\t\t<\/div>\n\t\t","protected":false},"excerpt":{"rendered":"<p>Blog Search Categor\u00edas<\/p>\n","protected":false},"author":5,"featured_media":0,"parent":0,"menu_order":0,"comment_status":"closed","ping_status":"closed","template":"","meta":{"_acf_changed":false,"inline_featured_image":false,"footnotes":""},"class_list":["post-47010","page","type-page","status-publish","hentry"],"acf":[],"jetpack_sharing_enabled":true,"_links":{"self":[{"href":"https:\/\/oksenlaw.com\/es\/wp-json\/wp\/v2\/pages\/47010","targetHints":{"allow":["GET"]}}],"collection":[{"href":"https:\/\/oksenlaw.com\/es\/wp-json\/wp\/v2\/pages"}],"about":[{"href":"https:\/\/oksenlaw.com\/es\/wp-json\/wp\/v2\/types\/page"}],"author":[{"embeddable":true,"href":"https:\/\/oksenlaw.com\/es\/wp-json\/wp\/v2\/users\/5"}],"replies":[{"embeddable":true,"href":"https:\/\/oksenlaw.com\/es\/wp-json\/wp\/v2\/comments?post=47010"}],"version-history":[{"count":1,"href":"https:\/\/oksenlaw.com\/es\/wp-json\/wp\/v2\/pages\/47010\/revisions"}],"predecessor-version":[{"id":47012,"href":"https:\/\/oksenlaw.com\/es\/wp-json\/wp\/v2\/pages\/47010\/revisions\/47012"}],"wp:attachment":[{"href":"https:\/\/oksenlaw.com\/es\/wp-json\/wp\/v2\/media?parent=47010"}],"curies":[{"name":"wp","href":"https:\/\/api.w.org\/{rel}","templated":true}]}}