{"id":47013,"date":"2020-05-19T02:18:02","date_gmt":"2020-05-19T02:18:02","guid":{"rendered":"https:\/\/oksenlaw.com\/casos-contra-grandes-companias-de-seguros\/allstate-insurance\/"},"modified":"2020-05-19T02:18:02","modified_gmt":"2020-05-19T02:18:02","slug":"allstate-insurance","status":"publish","type":"page","link":"https:\/\/oksenlaw.com\/es\/casos-contra-grandes-companias-de-seguros\/allstate-insurance\/","title":{"rendered":"Allstate Insurance"},"content":{"rendered":"<h1>Abogados de San Francisco firmes frente a Allstate<\/h1>\n<p>Una p\u00f3liza de seguro es un contrato. Te comprometes a pagar primas mensuales y la aseguradora se compromete a indemnizarte cuando tienes una reclamaci\u00f3n leg\u00edtima. Por desgracia, aseguradoras como Allstate a menudo intentan minimizar, retrasar o incluso negarse a realizar pagos. En Oksenendler Law, P.C., actuamos de forma contundente en nombre de los consumidores cuando <a href=\"https:\/\/oksenlaw.com\/es\/casos-contra-grandes-companias-de-seguros\/\">empresas como Allstate<\/a> no pagan las reclamaciones.   <\/p>\n<p>Si est\u00e1s teniendo problemas para que Allstate respete tu reclamaci\u00f3n o si te enfrentas a cualquier tipo de disputa de seguros, te invitamos a <a href=\"https:\/\/oksenlaw.com\/es\/contacto\/\">enviarnos un correo electr\u00f3nico<\/a> hoy mismo para saber c\u00f3mo podemos ayudarte.<\/p>\n<h2>Bufete del \u00c1rea de la Bah\u00eda que gestiona reclamaciones contra Allstate Insurance<\/h2>\n<p>Allstate ofrece productos como:<\/p>\n<ul>\n<li><a href=\"https:\/\/oksenlaw.com\/es\/practice-areas\/reclamaciones-de-cobertura-de-seguros\/seguro-de-automovil\/\">Seguro de coche<\/a><\/li>\n<li>Cobertura sanitaria complementaria<\/li>\n<li><a href=\"https:\/\/oksenlaw.com\/es\/practice-areas\/reclamaciones-de-cobertura-de-seguros\/seguro-de-hogar\/\">P\u00f3lizas para propietarios de vivienda<\/a><\/li>\n<li><a href=\"https:\/\/oksenlaw.com\/es\/practice-areas\/reclamaciones-de-cobertura-de-seguros\/seguro-de-vida\/\">Seguro de vida<\/a><\/li>\n<\/ul>\n<p>Cuando Allstate dice \u201cest\u00e1s en buenas manos\u201d, la empresa da a entender que vela por tus mejores intereses. Esto lleva a muchos consumidores a aceptar una indemnizaci\u00f3n muy inferior a lo que valen sus casos, o a creer que no tienen ninguna alternativa cuando la empresa no paga su reclamaci\u00f3n. Sin embargo, no tienes por qu\u00e9 aceptar la postura del perito de siniestros: nuestros abogados pueden rebatir las afirmaciones o posiciones que adopten los peritos de siniestros de seguros.  <\/p>\n<p>Nuestros abogados suman 70 a\u00f1os de experiencia en la gesti\u00f3n de reclamaciones de consumidores contra aseguradoras. Si Allstate no pag\u00f3 una reclamaci\u00f3n leg\u00edtima, podemos asesorarte sobre tu caso y recomendarte si deber\u00edas optar por la negociaci\u00f3n o el litigio. <\/p>\n<h2>Descubre c\u00f3mo podemos ayudarte<\/h2>\n<p>Nuestros abogados est\u00e1n preparados para actuar de forma contundente contra aseguradoras como Allstate cuando no pagan las reclamaciones. Estaremos encantados de resolver tus dudas. Ponte en contacto con nuestra oficina de San Francisco llamando al <a role=\"link\" href=\"tel:+1-(415)%20733-1050\" data-wpel-link=\"internal\">(415) 733-1050<\/a> o <a href=\"https:\/\/oksenlaw.com\/es\/contacto\/\">env\u00edanos un correo electr\u00f3nico<\/a>. Nuestra oficina est\u00e1 convenientemente ubicada en el Distrito Financiero.   <\/p>\n","protected":false},"excerpt":{"rendered":"<p>Abogados de San Francisco firmes frente a Allstate Una p\u00f3liza de seguro es un contrato. Te comprometes a pagar primas mensuales y la aseguradora se compromete a indemnizarte cuando tienes una reclamaci\u00f3n leg\u00edtima. Por desgracia, aseguradoras como Allstate a menudo intentan minimizar, retrasar o incluso negarse a realizar pagos. En Oksenendler Law, P.C., actuamos de [&hellip;]<\/p>\n","protected":false},"author":5,"featured_media":0,"parent":47004,"menu_order":0,"comment_status":"closed","ping_status":"closed","template":"","meta":{"_acf_changed":false,"inline_featured_image":false,"footnotes":""},"class_list":["post-47013","page","type-page","status-publish","hentry"],"acf":[],"jetpack_sharing_enabled":true,"_links":{"self":[{"href":"https:\/\/oksenlaw.com\/es\/wp-json\/wp\/v2\/pages\/47013","targetHints":{"allow":["GET"]}}],"collection":[{"href":"https:\/\/oksenlaw.com\/es\/wp-json\/wp\/v2\/pages"}],"about":[{"href":"https:\/\/oksenlaw.com\/es\/wp-json\/wp\/v2\/types\/page"}],"author":[{"embeddable":true,"href":"https:\/\/oksenlaw.com\/es\/wp-json\/wp\/v2\/users\/5"}],"replies":[{"embeddable":true,"href":"https:\/\/oksenlaw.com\/es\/wp-json\/wp\/v2\/comments?post=47013"}],"version-history":[{"count":0,"href":"https:\/\/oksenlaw.com\/es\/wp-json\/wp\/v2\/pages\/47013\/revisions"}],"up":[{"embeddable":true,"href":"https:\/\/oksenlaw.com\/es\/wp-json\/wp\/v2\/pages\/47004"}],"wp:attachment":[{"href":"https:\/\/oksenlaw.com\/es\/wp-json\/wp\/v2\/media?parent=47013"}],"curies":[{"name":"wp","href":"https:\/\/api.w.org\/{rel}","templated":true}]}}