{"id":47053,"date":"2020-05-19T02:22:13","date_gmt":"2020-05-19T02:22:13","guid":{"rendered":"https:\/\/oksenlaw.com\/articulos\/las-aseguradoras-de-responsabilidad-civil-de-automoviles-pueden-intentar-minimizar-tu-indemnizacion-de-mala-fe\/"},"modified":"2020-05-19T02:22:13","modified_gmt":"2020-05-19T02:22:13","slug":"las-aseguradoras-de-responsabilidad-civil-de-automoviles-pueden-intentar-minimizar-tu-indemnizacion-de-mala-fe","status":"publish","type":"page","link":"https:\/\/oksenlaw.com\/es\/articulos\/las-aseguradoras-de-responsabilidad-civil-de-automoviles-pueden-intentar-minimizar-tu-indemnizacion-de-mala-fe\/","title":{"rendered":"Las aseguradoras de responsabilidad civil de autom\u00f3viles pueden intentar minimizar tu indemnizaci\u00f3n de mala fe"},"content":{"rendered":"<h1>Las Aseguradoras de Responsabilidad Civil de Autom\u00f3viles Podr\u00edan Intentar Minimizar Tu Indemnizaci\u00f3n de Mala Fe<\/h1>\n<p>Seg\u00fan la Oficina del Censo, cada a\u00f1o se producen m\u00e1s de 10 millones de accidentes de tr\u00e1fico en Estados Unidos. Muchos de estos accidentes causan lesiones graves, lo que conlleva gastos importantes para las v\u00edctimas. Por eso, el <a href=\"https:\/\/oksenlaw.com\/practice-areas\/insurance-coverage\/auto-insurance\/\">seguro de responsabilidad civil de autom\u00f3viles<\/a> es tan importante.  <\/p>\n<p>El seguro de responsabilidad civil de autom\u00f3viles, o una prueba aceptable de responsabilidad financiera suficiente, es obligatorio en todos los estados. Cuando un conductor causa negligentemente un accidente de coche, el seguro de responsabilidad civil del conductor o sus bienes personales se utilizan para pagar a las v\u00edctimas por las lesiones y los da\u00f1os materiales. El seguro de responsabilidad civil de autom\u00f3viles est\u00e1 destinado a garantizar que haya un fondo de recursos necesarios disponible para las v\u00edctimas de accidentes, pero, cuando una compa\u00f1\u00eda de seguros est\u00e1 involucrada, a veces las t\u00e1cticas de mala fe pueden dejar a las v\u00edctimas con una indemnizaci\u00f3n insuficiente.  <\/p>\n<h2>Las Aseguradoras Podr\u00edan Negarse a Aceptar un Acuerdo Razonable de Mala Fe<\/h2>\n<p>Cada p\u00f3liza de seguro impone a la compa\u00f1\u00eda de seguros el deber impl\u00edcito de actuar de buena fe y de manera justa. Esto significa que cuando una reclamaci\u00f3n de seguro es leg\u00edtima, los fondos deben pagarse sin demora por el importe total al que la v\u00edctima tiene derecho legalmente. Sin embargo, la realidad es que las compa\u00f1\u00edas de seguros necesitan obtener beneficios, y algunas empresas intentan maximizar esos beneficios negando, retrasando o desincentivando reclamaciones leg\u00edtimas en p\u00f3lizas de responsabilidad civil de autom\u00f3viles.  <\/p>\n<p>Por ley, existen l\u00edmites m\u00ednimos de cobertura para las p\u00f3lizas de seguro de responsabilidad civil de autom\u00f3viles. Los l\u00edmites m\u00ednimos de las p\u00f3lizas var\u00edan seg\u00fan el estado, y muchos automovilistas tienen p\u00f3lizas de seguro de responsabilidad civil con l\u00edmites muy superiores al m\u00ednimo. Sin embargo, incluso en las p\u00f3lizas de l\u00edmite superior, algunas compa\u00f1\u00edas de seguros intentan minimizar las indemnizaciones de mala fe luchando contra reclamaciones leg\u00edtimas.  <\/p>\n<p>Imagina que una v\u00edctima de accidente espera una indemnizaci\u00f3n de una p\u00f3liza de responsabilidad civil de autom\u00f3viles y ofrece llegar a un acuerdo en o cerca del l\u00edmite de cobertura. No hay deficiencias evidentes en la reclamaci\u00f3n de la v\u00edctima, pero la compa\u00f1\u00eda de seguros sigue rechazando una oferta de acuerdo razonable; la compa\u00f1\u00eda de seguros presume que no tendr\u00e1 que pagar m\u00e1s que el l\u00edmite de la p\u00f3liza y, por lo tanto, tiene pocos incentivos para llegar a un acuerdo, esperando ganar o que el reclamante tenga que abandonar el caso. Cuando la aseguradora pierde en el juicio en este escenario, ha actuado de mala fe al rechazar la oferta de acuerdo y puede verse obligada a pagar la sentencia incluso por encima del l\u00edmite de la p\u00f3liza.  <\/p>\n<h2>\u00bfSospechas de Mala Fe? Ponte en Contacto con un Abogado de Seguros <\/h2>\n<p>El ejemplo anterior es solo una de las formas en que las compa\u00f1\u00edas de seguros pueden actuar de <a href=\"https:\/\/oksenlaw.com\/practice-areas\/insurance-coverage\/bad-faith\/\">mala fe<\/a> para evitar pagar completamente una reclamaci\u00f3n por accidente de coche. Incluso puede que tengas que luchar contra tu propia aseguradora para obtener una indemnizaci\u00f3n completa, lo que podr\u00eda ocurrir si fuiste atropellado por un conductor sin seguro y debes depender de tu propia p\u00f3liza de motorista con seguro insuficiente. <\/p>\n<p>\u00bfC\u00f3mo sabes cu\u00e1ndo una aseguradora est\u00e1 actuando de mala fe? Determinarlo no siempre es f\u00e1cil, pero hay algunas se\u00f1ales de advertencia a las que debes prestar atenci\u00f3n. \u00bfLa aseguradora no ha respondido r\u00e1pidamente a tus consultas? \u00bfHa denegado una reclamaci\u00f3n aparentemente v\u00e1lida? \u00bfTe ha ofrecido una indemnizaci\u00f3n que parece irrazonablemente baja? \u00bfHa solicitado documentaci\u00f3n onerosa? \u00bfTe ha animado a no contactar con un abogado? Por s\u00ed solas, ninguna de estas cosas prueba la mala fe, pero son indicadores de que debes estar alerta y buscar ayuda legal de inmediato.       <\/p>\n<p>Un abogado de seguros experimentado puede ayudarte a detectar la mala fe en una reclamaci\u00f3n de seguro de responsabilidad civil de autom\u00f3viles, asegurando la recuperaci\u00f3n total que mereces, posiblemente incluso por encima de los l\u00edmites de la p\u00f3liza. Si sospechas que una aseguradora no ha tratado contigo de manera justa y de buena fe, ponte en contacto con un abogado de seguros hoy mismo. <\/p>\n","protected":false},"excerpt":{"rendered":"<p>Las Aseguradoras de Responsabilidad Civil de Autom\u00f3viles Podr\u00edan Intentar Minimizar Tu Indemnizaci\u00f3n de Mala Fe Seg\u00fan la Oficina del Censo, cada a\u00f1o se producen m\u00e1s de 10 millones de accidentes de tr\u00e1fico en Estados Unidos. Muchos de estos accidentes causan lesiones graves, lo que conlleva gastos importantes para las v\u00edctimas. Por eso, el seguro de [&hellip;]<\/p>\n","protected":false},"author":5,"featured_media":0,"parent":47021,"menu_order":0,"comment_status":"closed","ping_status":"closed","template":"","meta":{"_acf_changed":false,"inline_featured_image":false,"footnotes":""},"class_list":["post-47053","page","type-page","status-publish","hentry"],"acf":[],"jetpack_sharing_enabled":true,"_links":{"self":[{"href":"https:\/\/oksenlaw.com\/es\/wp-json\/wp\/v2\/pages\/47053","targetHints":{"allow":["GET"]}}],"collection":[{"href":"https:\/\/oksenlaw.com\/es\/wp-json\/wp\/v2\/pages"}],"about":[{"href":"https:\/\/oksenlaw.com\/es\/wp-json\/wp\/v2\/types\/page"}],"author":[{"embeddable":true,"href":"https:\/\/oksenlaw.com\/es\/wp-json\/wp\/v2\/users\/5"}],"replies":[{"embeddable":true,"href":"https:\/\/oksenlaw.com\/es\/wp-json\/wp\/v2\/comments?post=47053"}],"version-history":[{"count":0,"href":"https:\/\/oksenlaw.com\/es\/wp-json\/wp\/v2\/pages\/47053\/revisions"}],"up":[{"embeddable":true,"href":"https:\/\/oksenlaw.com\/es\/wp-json\/wp\/v2\/pages\/47021"}],"wp:attachment":[{"href":"https:\/\/oksenlaw.com\/es\/wp-json\/wp\/v2\/media?parent=47053"}],"curies":[{"name":"wp","href":"https:\/\/api.w.org\/{rel}","templated":true}]}}